{"id":908,"date":"2025-09-10T16:14:18","date_gmt":"2025-09-10T16:14:18","guid":{"rendered":"http:\/\/www.alceoimmobiliari.com\/about\/"},"modified":"2025-09-15T17:30:19","modified_gmt":"2025-09-15T17:30:19","slug":"about","status":"publish","type":"page","link":"https:\/\/www.alceoimmobiliari.com\/es\/about\/","title":{"rendered":"\u00bfQu\u00e9 hacemos?"},"content":{"rendered":"<div class=\"wp-block-uagb-container uagb-block-93bb43df alignfull uagb-is-root-container\"><div class=\"uagb-container-inner-blocks-wrap\">\n<div class=\"wp-block-uagb-advanced-heading uagb-block-60b4616a\"><h1 class=\"uagb-heading-text\">\u00bfQu\u00e9 hacemos?<\/h1><\/div>\n<\/div><\/div>\n\n\n\n<div class=\"wp-block-uagb-container uagb-layout-grid uagb-block-e65fdd54 alignfull uagb-is-root-container\"><div class=\"uagb-container-inner-blocks-wrap\">\n<div class=\"wp-block-uagb-info-box uagb-block-785aba8e uagb-infobox__content-wrap  uagb-infobox-icon-above-title uagb-infobox-image-valign-top wp-block-uagb-info-box--has-margin\"><div class=\"uagb-infobox-margin-wrapper\"><div class=\"uagb-ifb-content\"><div class=\"uagb-ifb-title-wrap\"><h2 class=\"uagb-ifb-title-prefix\">Servicios de Alceo \u2013 Inversi\u00f3n Inmobiliaria en Lleida<\/h2><h3 class=\"uagb-ifb-title\">An\u00e1lisis de promociones inmobiliarias<\/h3><\/div><p class=\"uagb-ifb-desc\">En Alceo realizamos una evaluaci\u00f3n detallada de cada promoci\u00f3n inmobiliaria antes de recomendarla a nuestros clientes.<\/p><\/div><\/div><\/div>\n\n\n\n<div class=\"wp-block-uagb-container uagb-block-43110f3c\">\n<ul class=\"wp-block-list\">\n<li>Estudiamos la viabilidad econ\u00f3mica del proyecto.<\/li>\n\n\n\n<li>Valoramos la ubicaci\u00f3n, el potencial de revalorizaci\u00f3n y la demanda de mercado.<\/li>\n\n\n\n<li>Hacemos proyecciones de rentabilidad a corto, medio y largo plazo.<\/li>\n<\/ul>\n\n\n\n<p>Nuestro objetivo es ofrecerte datos claros e informes profesionales para que puedas invertir con seguridad y confianza.<\/p>\n<\/div>\n<\/div><\/div>\n\n\n\n<div class=\"wp-block-uagb-container uagb-block-0ed09c6d alignfull uagb-is-root-container\"><div class=\"uagb-container-inner-blocks-wrap\">\n<div class=\"wp-block-uagb-info-box uagb-block-f774142d uagb-infobox__content-wrap  uagb-infobox-icon-above-title uagb-infobox-image-valign-top wp-block-uagb-info-box--has-margin\"><div class=\"uagb-infobox-margin-wrapper\"><div class=\"uagb-ifb-content\"><div class=\"uagb-ifb-title-wrap\"><h3 class=\"uagb-ifb-title\">Evaluaci\u00f3n de la fiscalidad en cada operaci\u00f3n<\/h3><\/div><\/div><\/div><\/div>\n\n\n\n<div class=\"wp-block-uagb-container uagb-layout-flex uagb-block-3f8ad407 alignfull uagb-is-root-container\"><div class=\"uagb-container-inner-blocks-wrap\">\n<div class=\"wp-block-uagb-container uagb-layout-flex uagb-block-08661470\">\n<div class=\"wp-block-uagb-image uagb-block-7279c103 wp-block-uagb-image--layout-default wp-block-uagb-image--effect-static wp-block-uagb-image--align-none\"><figure class=\"wp-block-uagb-image__figure\"><img decoding=\"async\" srcset=\"https:\/\/www.alceoimmobiliari.com\/wp-content\/uploads\/2025\/09\/fiscalitat.webp ,https:\/\/www.alceoimmobiliari.com\/wp-content\/uploads\/2025\/09\/fiscalitat.webp 780w, https:\/\/www.alceoimmobiliari.com\/wp-content\/uploads\/2025\/09\/fiscalitat.webp 360w\" sizes=\"auto, (max-width: 480px) 150px\" src=\"https:\/\/www.alceoimmobiliari.com\/wp-content\/uploads\/2025\/09\/fiscalitat.webp\" alt=\"\" class=\"uag-image-2516\" width=\"280\" height=\"280\" title=\"fiscalitat\" loading=\"lazy\" role=\"img\"\/><\/figure><\/div>\n\n\n\n<div class=\"wp-block-uagb-image alignleft uagb-block-650a192a wp-block-uagb-image--layout-default wp-block-uagb-image--effect-static wp-block-uagb-image--align-left\"><figure class=\"wp-block-uagb-image__figure\"><img decoding=\"async\" srcset=\"https:\/\/www.alceoimmobiliari.com\/wp-content\/uploads\/2025\/09\/Asesoria.webp ,https:\/\/www.alceoimmobiliari.com\/wp-content\/uploads\/2025\/09\/Asesoria.webp 780w, https:\/\/www.alceoimmobiliari.com\/wp-content\/uploads\/2025\/09\/Asesoria.webp 360w\" sizes=\"auto, (max-width: 480px) 150px\" src=\"https:\/\/www.alceoimmobiliari.com\/wp-content\/uploads\/2025\/09\/Asesoria.webp\" alt=\"\" class=\"uag-image-2518\" width=\"280\" height=\"280\" title=\"Asesoria\" loading=\"lazy\" role=\"img\"\/><\/figure><\/div>\n<\/div>\n\n\n\n<div class=\"wp-block-uagb-container uagb-block-7f8989b1\">\n<p class=\"has-ast-global-color-4-color has-text-color has-link-color wp-elements-63f5378a442911a2907cc930ce7937c4\">Cada inversi\u00f3n inmobiliaria comporta implicaciones fiscales que pueden afectar a la rentabilidad final. Por eso, en Alceo analizamos el impacto fiscal de cada operaci\u00f3n:<\/p>\n\n\n\n<ul class=\"wp-block-list has-ast-global-color-4-color has-text-color has-link-color wp-elements-98c0c7118e65a92c86c83eddfadf9082\">\n<li>Estudio de tributos e impuestos de aplicaci\u00f3n.<\/li>\n\n\n\n<li>Estrategias para optimizar la carga fiscal.<\/li>\n\n\n\n<li>Recomendaciones para reducir riesgos y maximizar beneficios.<\/li>\n<\/ul>\n\n\n\n<p class=\"has-ast-global-color-4-color has-text-color has-link-color wp-elements-bf9bd659ec4d05bbd3a93c94366ed852\">Este an\u00e1lisis te ayuda a tomar decisiones inteligentes y adaptadas a tu perfil inversor.<\/p>\n<\/div>\n<\/div><\/div>\n<\/div><\/div>\n\n\n\n<div class=\"wp-block-uagb-container uagb-block-024903c9 alignfull uagb-is-root-container\"><div class=\"uagb-container-inner-blocks-wrap\">\n<div class=\"wp-block-uagb-info-box uagb-block-85e2a95b uagb-infobox__content-wrap  uagb-infobox-icon-above-title uagb-infobox-image-valign-top wp-block-uagb-info-box--has-margin\"><div class=\"uagb-infobox-margin-wrapper\"><div class=\"uagb-ifb-content\"><div class=\"uagb-ifb-title-wrap\"><h3 class=\"uagb-ifb-title\">B\u00fasqueda de operaciones inmobiliarias con buena rentabilidad<\/h3><\/div><\/div><\/div><\/div>\n\n\n\n<p class=\"has-text-align-center\">Disponemos de una red de contactos y herramientas de an\u00e1lisis que permiten detectar oportunidades de inversi\u00f3n con alto potencial.<\/p>\n\n\n\n<div class=\"wp-block-uagb-container uagb-block-ae7e2640 alignfull uagb-is-root-container\"><div class=\"uagb-container-inner-blocks-wrap\">\n<div class=\"wp-block-uagb-container uagb-block-0b7d6df7\">\n<div class=\"wp-block-uagb-info-box uagb-block-e77757a1 uagb-infobox__content-wrap  uagb-infobox-icon-above-title uagb-infobox-image-valign-top wp-block-uagb-info-box--has-margin\"><div class=\"uagb-infobox-margin-wrapper\"><div class=\"uagb-ifb-content\"><div class=\"uagb-ifb-icon-wrap\"><svg xmlns=\"https:\/\/www.w3.org\/2000\/svg\" viewbox=\"0 0 384 512\"><path d=\"M336 0C362.5 0 384 21.49 384 48V464C384 490.5 362.5 512 336 512H240V432C240 405.5 218.5 384 192 384C165.5 384 144 405.5 144 432V512H48C21.49 512 0 490.5 0 464V48C0 21.49 21.49 0 48 0H336zM64 272C64 280.8 71.16 288 80 288H112C120.8 288 128 280.8 128 272V240C128 231.2 120.8 224 112 224H80C71.16 224 64 231.2 64 240V272zM176 224C167.2 224 160 231.2 160 240V272C160 280.8 167.2 288 176 288H208C216.8 288 224 280.8 224 272V240C224 231.2 216.8 224 208 224H176zM256 272C256 280.8 263.2 288 272 288H304C312.8 288 320 280.8 320 272V240C320 231.2 312.8 224 304 224H272C263.2 224 256 231.2 256 240V272zM80 96C71.16 96 64 103.2 64 112V144C64 152.8 71.16 160 80 160H112C120.8 160 128 152.8 128 144V112C128 103.2 120.8 96 112 96H80zM160 144C160 152.8 167.2 160 176 160H208C216.8 160 224 152.8 224 144V112C224 103.2 216.8 96 208 96H176C167.2 96 160 103.2 160 112V144zM272 96C263.2 96 256 103.2 256 112V144C256 152.8 263.2 160 272 160H304C312.8 160 320 152.8 320 144V112C320 103.2 312.8 96 304 96H272z\"><\/path><\/svg><\/div><div class=\"uagb-ifb-title-wrap\"><\/div><p class=\"uagb-ifb-desc\">Identificamos inmuebles y proyectos que ofrecen una rentabilidad superior a la media.<\/p><\/div><\/div><\/div>\n<\/div>\n\n\n\n<div class=\"wp-block-uagb-container uagb-block-22c401f4\">\n<div class=\"wp-block-uagb-info-box uagb-block-6b3a339a uagb-infobox__content-wrap  uagb-infobox-icon-above-title uagb-infobox-image-valign-top wp-block-uagb-info-box--has-margin\"><div class=\"uagb-infobox-margin-wrapper\"><div class=\"uagb-ifb-content\"><div class=\"uagb-ifb-icon-wrap\"><svg xmlns=\"https:\/\/www.w3.org\/2000\/svg\" viewbox=\"0 0 512 512\"><path d=\"M288 256C288 273.7 273.7 288 256 288C238.3 288 224 273.7 224 256C224 238.3 238.3 224 256 224C273.7 224 288 238.3 288 256zM112 256C112 176.5 176.5 112 256 112C335.5 112 400 176.5 400 256C400 335.5 335.5 400 256 400C176.5 400 112 335.5 112 256zM256 336C300.2 336 336 300.2 336 256C336 211.8 300.2 176 256 176C211.8 176 176 211.8 176 256C176 300.2 211.8 336 256 336zM512 256C512 397.4 397.4 512 256 512C114.6 512 0 397.4 0 256C0 114.6 114.6 0 256 0C397.4 0 512 114.6 512 256zM256 64C149.1 64 64 149.1 64 256C64 362 149.1 448 256 448C362 448 448 362 448 256C448 149.1 362 64 256 64z\"><\/path><\/svg><\/div><div class=\"uagb-ifb-title-wrap\"><\/div><p class=\"uagb-ifb-desc\">Hacemos una selecci\u00f3n personalizada seg\u00fan el perfil y objetivos de cada cliente.<\/p><\/div><\/div><\/div>\n<\/div>\n\n\n\n<div class=\"wp-block-uagb-container uagb-block-b1eb5d6d\">\n<div class=\"wp-block-uagb-info-box uagb-block-b1d4fdfb uagb-infobox__content-wrap  uagb-infobox-icon-above-title uagb-infobox-image-valign-top wp-block-uagb-info-box--has-margin\"><div class=\"uagb-infobox-margin-wrapper\"><div class=\"uagb-ifb-content\"><div class=\"uagb-ifb-icon-wrap\"><svg xmlns=\"https:\/\/www.w3.org\/2000\/svg\" viewbox=\"0 0 512 512\"><path d=\"M32 32C49.67 32 64 46.33 64 64V400C64 408.8 71.16 416 80 416H480C497.7 416 512 430.3 512 448C512 465.7 497.7 480 480 480H80C35.82 480 0 444.2 0 400V64C0 46.33 14.33 32 32 32zM160 224C177.7 224 192 238.3 192 256V320C192 337.7 177.7 352 160 352C142.3 352 128 337.7 128 320V256C128 238.3 142.3 224 160 224zM288 320C288 337.7 273.7 352 256 352C238.3 352 224 337.7 224 320V160C224 142.3 238.3 128 256 128C273.7 128 288 142.3 288 160V320zM352 192C369.7 192 384 206.3 384 224V320C384 337.7 369.7 352 352 352C334.3 352 320 337.7 320 320V224C320 206.3 334.3 192 352 192zM480 320C480 337.7 465.7 352 448 352C430.3 352 416 337.7 416 320V96C416 78.33 430.3 64 448 64C465.7 64 480 78.33 480 96V320z\"><\/path><\/svg><\/div><div class=\"uagb-ifb-title-wrap\"><\/div><p class=\"uagb-ifb-desc\">Presentamos propuestas con datos reales y transparentes, para que puedas valorar las opciones con confianza<\/p><\/div><\/div><\/div>\n<\/div>\n<\/div><\/div>\n\n\n\n<p class=\"has-text-align-center\">Nuestro compromiso es poner a disposici\u00f3n de los inversores productos inmobiliarios que realmente marquen la diferencia.<\/p>\n<\/div><\/div>","protected":false},"excerpt":{"rendered":"<p>Qu\u00e8 fem? El nostre objectiu \u00e9s oferir-te dades clares i informes professionals perqu\u00e8 puguis invertir amb seguretat i confian\u00e7a. Cada inversi\u00f3 immobili\u00e0ria comporta implicacions fiscals que poden afectar la rendibilitat final. Per aix\u00f2, a Alceo analitzem l\u2019impacte fiscal de cada operaci\u00f3: Aquesta an\u00e0lisi t\u2019ajuda a prendre decisions intel\u00b7ligents i adaptades al teu perfil inversor. Disposem [&hellip;]<\/p>","protected":false},"author":1,"featured_media":0,"parent":0,"menu_order":0,"comment_status":"closed","ping_status":"closed","template":"","meta":{"_uag_custom_page_level_css":"","site-sidebar-layout":"no-sidebar","site-content-layout":"plain-container","ast-site-content-layout":"normal-width-container","site-content-style":"unboxed","site-sidebar-style":"unboxed","ast-global-header-display":"","ast-banner-title-visibility":"","ast-main-header-display":"","ast-hfb-above-header-display":"","ast-hfb-below-header-display":"","ast-hfb-mobile-header-display":"","site-post-title":"disabled","ast-breadcrumbs-content":"","ast-featured-img":"disabled","footer-sml-layout":"","ast-disable-related-posts":"","theme-transparent-header-meta":"enabled","adv-header-id-meta":"","stick-header-meta":"","header-above-stick-meta":"","header-main-stick-meta":"","header-below-stick-meta":"","astra-migrate-meta-layouts":"set","ast-page-background-enabled":"default","ast-page-background-meta":{"desktop":{"background-color":"","background-image":"","background-repeat":"repeat","background-position":"center center","background-size":"auto","background-attachment":"scroll","background-type":"","background-media":"","overlay-type":"","overlay-color":"","overlay-opacity":"","overlay-gradient":""},"tablet":{"background-color":"","background-image":"","background-repeat":"repeat","background-position":"center center","background-size":"auto","background-attachment":"scroll","background-type":"","background-media":"","overlay-type":"","overlay-color":"","overlay-opacity":"","overlay-gradient":""},"mobile":{"background-color":"","background-image":"","background-repeat":"repeat","background-position":"center center","background-size":"auto","background-attachment":"scroll","background-type":"","background-media":"","overlay-type":"","overlay-color":"","overlay-opacity":"","overlay-gradient":""}},"ast-content-background-meta":{"desktop":{"background-color":"var(--ast-global-color-5)","background-image":"","background-repeat":"repeat","background-position":"center center","background-size":"auto","background-attachment":"scroll","background-type":"","background-media":"","overlay-type":"","overlay-color":"","overlay-opacity":"","overlay-gradient":""},"tablet":{"background-color":"var(--ast-global-color-5)","background-image":"","background-repeat":"repeat","background-position":"center center","background-size":"auto","background-attachment":"scroll","background-type":"","background-media":"","overlay-type":"","overlay-color":"","overlay-opacity":"","overlay-gradient":""},"mobile":{"background-color":"var(--ast-global-color-5)","background-image":"","background-repeat":"repeat","background-position":"center center","background-size":"auto","background-attachment":"scroll","background-type":"","background-media":"","overlay-type":"","overlay-color":"","overlay-opacity":"","overlay-gradient":""}},"footnotes":""},"class_list":["post-908","page","type-page","status-publish","hentry"],"uagb_featured_image_src":{"full":false,"thumbnail":false,"medium":false,"medium_large":false,"large":false,"1536x1536":false,"2048x2048":false,"trp-custom-language-flag":false},"uagb_author_info":{"display_name":"alex","author_link":"https:\/\/www.alceoimmobiliari.com\/es\/author\/alex\/"},"uagb_comment_info":0,"uagb_excerpt":"Qu\u00e8 fem? El nostre objectiu \u00e9s oferir-te dades clares i informes professionals perqu\u00e8 puguis invertir amb seguretat i confian\u00e7a. Cada inversi\u00f3 immobili\u00e0ria comporta implicacions fiscals que poden afectar la rendibilitat final. Per aix\u00f2, a Alceo analitzem l\u2019impacte fiscal de cada operaci\u00f3: Aquesta an\u00e0lisi t\u2019ajuda a prendre decisions intel\u00b7ligents i adaptades al teu perfil inversor. Disposem&hellip;","_links":{"self":[{"href":"https:\/\/www.alceoimmobiliari.com\/es\/wp-json\/wp\/v2\/pages\/908","targetHints":{"allow":["GET"]}}],"collection":[{"href":"https:\/\/www.alceoimmobiliari.com\/es\/wp-json\/wp\/v2\/pages"}],"about":[{"href":"https:\/\/www.alceoimmobiliari.com\/es\/wp-json\/wp\/v2\/types\/page"}],"author":[{"embeddable":true,"href":"https:\/\/www.alceoimmobiliari.com\/es\/wp-json\/wp\/v2\/users\/1"}],"replies":[{"embeddable":true,"href":"https:\/\/www.alceoimmobiliari.com\/es\/wp-json\/wp\/v2\/comments?post=908"}],"version-history":[{"count":16,"href":"https:\/\/www.alceoimmobiliari.com\/es\/wp-json\/wp\/v2\/pages\/908\/revisions"}],"predecessor-version":[{"id":2568,"href":"https:\/\/www.alceoimmobiliari.com\/es\/wp-json\/wp\/v2\/pages\/908\/revisions\/2568"}],"wp:attachment":[{"href":"https:\/\/www.alceoimmobiliari.com\/es\/wp-json\/wp\/v2\/media?parent=908"}],"curies":[{"name":"wp","href":"https:\/\/api.w.org\/{rel}","templated":true}]}}